{"id":14,"date":"2024-04-01T18:50:01","date_gmt":"2024-04-01T18:50:01","guid":{"rendered":"https:\/\/www.rheinfelden-fuer-demokratie.de\/?page_id=14"},"modified":"2025-04-18T08:56:48","modified_gmt":"2025-04-18T08:56:48","slug":"test","status":"publish","type":"page","link":"https:\/\/www.rheinfelden-fuer-demokratie.de\/","title":{"rendered":""},"content":{"rendered":"<h3><\/h3>\n<h3><strong>Rheinfelden f\u00fcr Demokratie<\/strong><\/h3>\n<ul>\n<li>ist eine \u00fcberparteiliche B\u00fcrgerinitiative aus der Zivilgesellschaft<\/li>\n<li>setzt sich ein f\u00fcr Toleranz, Menschenrechte und Vielfalt sowie f\u00fcr eine freie, offene Gesellschaft.<\/li>\n<li>will offene Diskussionen f\u00fchren mit Respekt im Umgang miteinander und in anst\u00e4ndiger Sprache.<\/li>\n<\/ul>\n<h6><strong>Was uns wichtig ist<\/strong><\/h6>\n<ul>\n<li>Wir sch\u00e4tzen unsere politischen Systeme in Deutschland und sehen, welche Vorteile die Europ\u00e4ische Union uns gebracht hat und bringt.<\/li>\n<li>Gerade unsere Stadt Rheinfelden ist entstanden und w\u00e4chst weiter, weil Menschen aus anderen Regionen und L\u00e4ndern hierhergezogen sind und hier arbeiten und leben. Das soll auch so bleiben.<\/li>\n<li>Unser Denken und Handeln sind durch ein positives Menschenbild gepr\u00e4gt.<\/li>\n<\/ul>\n<h6><strong>Was Sie tun k\u00f6nnen<\/strong><\/h6>\n<ul>\n<li>Der Erhalt unserer Demokratie steht bei den kommenden Bundestagswahl erneut auf dem Pr\u00fcfstand. <strong>Gehen Sie am 23. Februar 2025 w\u00e4hlen!<br \/>\n<\/strong><\/li>\n<\/ul>\n","protected":false},"excerpt":{"rendered":"<p>Rheinfelden f\u00fcr Demokratie ist eine \u00fcberparteiliche B\u00fcrgerinitiative aus der Zivilgesellschaft setzt sich ein f\u00fcr Toleranz, Menschenrechte und Vielfalt sowie f\u00fcr eine freie, offene Gesellschaft. will offene Diskussionen f\u00fchren mit Respekt [&hellip;]<\/p>\n","protected":false},"author":1,"featured_media":390,"parent":0,"menu_order":0,"comment_status":"closed","ping_status":"closed","template":"templates\/template-full-width.php","meta":{"footnotes":""},"class_list":["post-14","page","type-page","status-publish","has-post-thumbnail","hentry"],"_links":{"self":[{"href":"https:\/\/www.rheinfelden-fuer-demokratie.de\/index.php?rest_route=\/wp\/v2\/pages\/14","targetHints":{"allow":["GET"]}}],"collection":[{"href":"https:\/\/www.rheinfelden-fuer-demokratie.de\/index.php?rest_route=\/wp\/v2\/pages"}],"about":[{"href":"https:\/\/www.rheinfelden-fuer-demokratie.de\/index.php?rest_route=\/wp\/v2\/types\/page"}],"author":[{"embeddable":true,"href":"https:\/\/www.rheinfelden-fuer-demokratie.de\/index.php?rest_route=\/wp\/v2\/users\/1"}],"replies":[{"embeddable":true,"href":"https:\/\/www.rheinfelden-fuer-demokratie.de\/index.php?rest_route=%2Fwp%2Fv2%2Fcomments&post=14"}],"version-history":[{"count":27,"href":"https:\/\/www.rheinfelden-fuer-demokratie.de\/index.php?rest_route=\/wp\/v2\/pages\/14\/revisions"}],"predecessor-version":[{"id":917,"href":"https:\/\/www.rheinfelden-fuer-demokratie.de\/index.php?rest_route=\/wp\/v2\/pages\/14\/revisions\/917"}],"wp:featuredmedia":[{"embeddable":true,"href":"https:\/\/www.rheinfelden-fuer-demokratie.de\/index.php?rest_route=\/wp\/v2\/media\/390"}],"wp:attachment":[{"href":"https:\/\/www.rheinfelden-fuer-demokratie.de\/index.php?rest_route=%2Fwp%2Fv2%2Fmedia&parent=14"}],"curies":[{"name":"wp","href":"https:\/\/api.w.org\/{rel}","templated":true}]}}